{"id":8,"date":"2017-02-23T15:46:21","date_gmt":"2017-02-23T15:46:21","guid":{"rendered":"http:\/\/up-elearning.com\/?page_id=8"},"modified":"2017-03-10T11:42:22","modified_gmt":"2017-03-10T11:42:22","slug":"inicio","status":"publish","type":"page","link":"https:\/\/up-elearning.com\/","title":{"rendered":"Inicio"},"content":{"rendered":"<p>[et_pb_section admin_label=\u00bbsection\u00bb transparent_background=\u00bboff\u00bb background_color=\u00bb#2ea3f2&#8243; allow_player_pause=\u00bboff\u00bb inner_shadow=\u00bboff\u00bb parallax=\u00bboff\u00bb parallax_method=\u00bbon\u00bb make_fullwidth=\u00bboff\u00bb use_custom_width=\u00bboff\u00bb width_unit=\u00bboff\u00bb custom_width_px=\u00bb1080px\u00bb custom_width_percent=\u00bb80%\u00bb make_equal=\u00bboff\u00bb use_custom_gutter=\u00bboff\u00bb fullwidth=\u00bbon\u00bb specialty=\u00bboff\u00bb disabled=\u00bboff\u00bb][et_pb_fullwidth_slider admin_label=\u00bbControl deslizante de anchura completa\u00bb show_arrows=\u00bbon\u00bb show_pagination=\u00bbon\u00bb auto=\u00bbon\u00bb auto_speed=\u00bb7000&#8243; auto_ignore_hover=\u00bboff\u00bb parallax=\u00bboff\u00bb parallax_method=\u00bboff\u00bb remove_inner_shadow=\u00bboff\u00bb background_position=\u00bbdefault\u00bb background_size=\u00bbdefault\u00bb hide_content_on_mobile=\u00bboff\u00bb hide_cta_on_mobile=\u00bboff\u00bb show_image_video_mobile=\u00bboff\u00bb custom_button=\u00bboff\u00bb button_text_size=\u00bb20&#8243; button_letter_spacing=\u00bb0&#8243; button_use_icon=\u00bbdefault\u00bb button_icon_placement=\u00bbright\u00bb button_on_hover=\u00bbon\u00bb button_letter_spacing_hover=\u00bb0&#8243; disabled=\u00bboff\u00bb] [et_pb_slide heading=\u00bbUp &#8211; Tutorias\u00bb button_link=\u00bb#\u00bb background_image=\u00bbhttp:\/\/up-elearning.com\/wp-content\/uploads\/2017\/02\/tutorias.jpg\u00bb background_position=\u00bbtop_center\u00bb background_size=\u00bbcover\u00bb background_color=\u00bb#ffffff\u00bb use_bg_overlay=\u00bboff\u00bb bg_overlay_color=\u00bb#adadad\u00bb use_text_overlay=\u00bboff\u00bb alignment=\u00bbcenter\u00bb background_layout=\u00bbdark\u00bb allow_player_pause=\u00bboff\u00bb arrows_custom_color=\u00bb#ffffff\u00bb text_border_radius=\u00bb3&#8243; header_font=\u00bb|on|||\u00bb header_text_color=\u00bb#ff6600&#8243; header_letter_spacing=\u00bb3px\u00bb header_letter_spacing_tablet=\u00bb3px\u00bb header_letter_spacing_phone=\u00bb3px\u00bb body_font=\u00bb||||\u00bb custom_button=\u00bboff\u00bb button_font=\u00bb||||\u00bb button_use_icon=\u00bbdefault\u00bb button_icon_placement=\u00bbright\u00bb button_on_hover=\u00bbon\u00bb disabled=\u00bboff\u00bb]<\/p>\n<p>Atenci\u00f3n personalizada, Orientaci\u00f3n al Alumno, y Servicio a los Centros de Formaci\u00f3n<\/p>\n<p>[\/et_pb_slide][et_pb_slide heading=\u00bbUp &#8211; Contenidos\u00bb button_link=\u00bb#\u00bb background_image=\u00bbhttp:\/\/up-elearning.com\/wp-content\/uploads\/2017\/03\/library_onlie.png\u00bb background_position=\u00bbtop_center\u00bb background_size=\u00bbcover\u00bb background_color=\u00bb#ffffff\u00bb use_bg_overlay=\u00bboff\u00bb use_text_overlay=\u00bboff\u00bb alignment=\u00bbcenter\u00bb background_layout=\u00bbdark\u00bb allow_player_pause=\u00bboff\u00bb arrows_custom_color=\u00bb#ffffff\u00bb text_border_radius=\u00bb3&#8243; header_font=\u00bb|on|||\u00bb header_text_color=\u00bb#ff6600&#8243; header_letter_spacing=\u00bb3px\u00bb header_letter_spacing_tablet=\u00bb3px\u00bb header_letter_spacing_phone=\u00bb3px\u00bb body_font=\u00bb||||\u00bb custom_button=\u00bboff\u00bb button_font=\u00bb||||\u00bb button_use_icon=\u00bbdefault\u00bb button_icon_placement=\u00bbright\u00bb button_on_hover=\u00bbon\u00bb disabled=\u00bboff\u00bb]<\/p>\n<p>Contenidos para cualquier plataforma de Software LMS<\/p>\n<p>[\/et_pb_slide][et_pb_slide heading=\u00bbUp &#8211; Campus\u00bb button_link=\u00bb#\u00bb background_image=\u00bbhttp:\/\/up-elearning.com\/wp-content\/uploads\/2017\/02\/tablet.jpg\u00bb background_position=\u00bbcenter_left\u00bb background_size=\u00bbcover\u00bb background_color=\u00bb#ffffff\u00bb use_bg_overlay=\u00bbon\u00bb use_text_overlay=\u00bboff\u00bb alignment=\u00bbcenter\u00bb background_layout=\u00bbdark\u00bb allow_player_pause=\u00bboff\u00bb arrows_custom_color=\u00bb#ffffff\u00bb text_border_radius=\u00bb3&#8243; header_font=\u00bb|on|||\u00bb header_text_color=\u00bb#ff6600&#8243; header_letter_spacing=\u00bb3px\u00bb header_letter_spacing_tablet=\u00bb3px\u00bb header_letter_spacing_phone=\u00bb3px\u00bb body_font=\u00bb||||\u00bb custom_button=\u00bboff\u00bb button_font=\u00bb||||\u00bb button_use_icon=\u00bbdefault\u00bb button_icon_placement=\u00bbright\u00bb button_on_hover=\u00bbon\u00bb disabled=\u00bboff\u00bb]<\/p>\n<p>Una herramienta a medida dise\u00f1ada para ti y para el \u00e9xito de tus resultados<\/p>\n<p>[\/et_pb_slide] [\/et_pb_fullwidth_slider][\/et_pb_section][et_pb_section admin_label=\u00bbsection\u00bb transparent_background=\u00bboff\u00bb background_color=\u00bb#ffffff\u00bb allow_player_pause=\u00bboff\u00bb inner_shadow=\u00bboff\u00bb parallax=\u00bboff\u00bb parallax_method=\u00bboff\u00bb make_fullwidth=\u00bboff\u00bb use_custom_width=\u00bboff\u00bb width_unit=\u00bbon\u00bb custom_width_px=\u00bb1080px\u00bb custom_width_percent=\u00bb80%\u00bb make_equal=\u00bboff\u00bb use_custom_gutter=\u00bboff\u00bb fullwidth=\u00bboff\u00bb specialty=\u00bboff\u00bb disabled=\u00bboff\u00bb][et_pb_row admin_label=\u00bbFila\u00bb make_fullwidth=\u00bboff\u00bb use_custom_width=\u00bboff\u00bb width_unit=\u00bboff\u00bb custom_width_px=\u00bb1080px\u00bb custom_width_percent=\u00bb80%\u00bb use_custom_gutter=\u00bboff\u00bb gutter_width=\u00bb3&#8243; allow_player_pause=\u00bboff\u00bb parallax=\u00bboff\u00bb parallax_method=\u00bbon\u00bb make_equal=\u00bboff\u00bb parallax_1=\u00bboff\u00bb parallax_method_1=\u00bbon\u00bb parallax_2=\u00bboff\u00bb parallax_method_2=\u00bbon\u00bb parallax_3=\u00bboff\u00bb parallax_method_3=\u00bbon\u00bb parallax_4=\u00bboff\u00bb parallax_method_4=\u00bbon\u00bb disabled=\u00bboff\u00bb][et_pb_column type=\u00bb1_3&#8243;][et_pb_blurb admin_label=\u00bbExperiencia\u00bb title=\u00bbExperiencia\u00bb url_new_window=\u00bboff\u00bb use_icon=\u00bbon\u00bb font_icon=\u00bb%%111%%\u00bb icon_color=\u00bb#7EBEC5&#8243; use_circle=\u00bbon\u00bb circle_color=\u00bb#ffffff\u00bb use_circle_border=\u00bbon\u00bb circle_border_color=\u00bb#7EBEC5&#8243; icon_placement=\u00bbtop\u00bb animation=\u00bbtop\u00bb background_layout=\u00bblight\u00bb text_orientation=\u00bbcenter\u00bb use_icon_font_size=\u00bboff\u00bb icon_font_size=\u00bb96px\u00bb header_font=\u00bb|on|||\u00bb use_border_color=\u00bboff\u00bb border_color=\u00bb#ffffff\u00bb border_width=\u00bb1px\u00bb border_style=\u00bbsolid\u00bb disabled=\u00bboff\u00bb] [\/et_pb_blurb][\/et_pb_column][et_pb_column type=\u00bb1_3&#8243;][et_pb_blurb admin_label=\u00bbProfesionalidad\u00bb title=\u00bbProfesionalidad\u00bb url_new_window=\u00bboff\u00bb use_icon=\u00bbon\u00bb font_icon=\u00bb%%169%%\u00bb icon_color=\u00bb#7EBEC5&#8243; use_circle=\u00bbon\u00bb circle_color=\u00bb#ffffff\u00bb use_circle_border=\u00bbon\u00bb circle_border_color=\u00bb#7EBEC5&#8243; icon_placement=\u00bbtop\u00bb animation=\u00bbtop\u00bb background_layout=\u00bblight\u00bb text_orientation=\u00bbcenter\u00bb use_icon_font_size=\u00bboff\u00bb icon_font_size=\u00bb96px\u00bb header_font=\u00bb|on|||\u00bb use_border_color=\u00bboff\u00bb border_color=\u00bb#ffffff\u00bb border_width=\u00bb1px\u00bb border_style=\u00bbsolid\u00bb disabled=\u00bboff\u00bb] [\/et_pb_blurb][\/et_pb_column][et_pb_column type=\u00bb1_3&#8243;][et_pb_blurb admin_label=\u00bbPersonalizaci\u00f3n\u00bb title=\u00bbPersonalizaci\u00f3n\u00bb url_new_window=\u00bboff\u00bb use_icon=\u00bbon\u00bb font_icon=\u00bb%%75%%\u00bb icon_color=\u00bb#7EBEC5&#8243; use_circle=\u00bbon\u00bb circle_color=\u00bb#ffffff\u00bb use_circle_border=\u00bbon\u00bb circle_border_color=\u00bb#7EBEC5&#8243; icon_placement=\u00bbtop\u00bb animation=\u00bbtop\u00bb background_layout=\u00bblight\u00bb text_orientation=\u00bbcenter\u00bb use_icon_font_size=\u00bboff\u00bb icon_font_size=\u00bb96px\u00bb header_font=\u00bb|on|||\u00bb use_border_color=\u00bboff\u00bb border_color=\u00bb#ffffff\u00bb border_width=\u00bb1px\u00bb border_style=\u00bbsolid\u00bb disabled=\u00bboff\u00bb] [\/et_pb_blurb][\/et_pb_column][\/et_pb_row][et_pb_row admin_label=\u00bbrow\u00bb make_fullwidth=\u00bboff\u00bb use_custom_width=\u00bboff\u00bb width_unit=\u00bboff\u00bb custom_width_px=\u00bb1080px\u00bb custom_width_percent=\u00bb80%\u00bb use_custom_gutter=\u00bboff\u00bb gutter_width=\u00bb3&#8243; allow_player_pause=\u00bboff\u00bb parallax=\u00bboff\u00bb parallax_method=\u00bbon\u00bb make_equal=\u00bboff\u00bb parallax_1=\u00bboff\u00bb parallax_method_1=\u00bbon\u00bb parallax_2=\u00bboff\u00bb parallax_method_2=\u00bbon\u00bb parallax_3=\u00bboff\u00bb parallax_method_3=\u00bbon\u00bb parallax_4=\u00bboff\u00bb parallax_method_4=\u00bbon\u00bb disabled=\u00bboff\u00bb][et_pb_column type=\u00bb4_4&#8243;][et_pb_text admin_label=\u00bbText\u00bb background_layout=\u00bblight\u00bb text_orientation=\u00bbleft\u00bb use_border_color=\u00bboff\u00bb border_style=\u00bbsolid\u00bb disabled=\u00bboff\u00bb border_color=\u00bb#ffffff\u00bb]<\/p>\n<h2>Todo lo que tu centro de formaci\u00f3n necesita<\/h2>\n<p>Nuestra raz\u00f3n de ser es ofrecer a tu centro de formaci\u00f3n todos los servicios que necesita, para que no tengas que preocuparte de nada. Somos un equipo a la altura de lo que mereces, trabajamos para garantizar el \u00e9xito de tus acciones formativas: t\u00e1ndem de tecnolog\u00eda y profesionalidad humana.<\/p>\n<h3>Nuestro trabajo:<\/h3>\n<ul>\n<li>Tutor\u00edas: tutores especializados por familias profesionales, con formaci\u00f3n y experiencia. Atenci\u00f3n personalizada al alumno\/a, el plus humano para la era de las nuevas tecnolog\u00edas.<\/li>\n<li>Campus (Software LMS): garantizamos instalaci\u00f3n, hospedaje y mantenimiento; Con perfiles para tutores, alumnos\/as e inspectores\u2026 toda la informaci\u00f3n para quien la necesite; Acceso 24\u00d77 y dise\u00f1o Responsive. \u00a1C\u00f3mo y Cu\u00e1ndo quieras!<\/li>\n<li>Contenidos: Cursos con accesibilidad multiplataforma, intuitivos e interactivos. Actualizados permanentemente seg\u00fan la normativa vigente y las necesidades del mercado.<\/li>\n<\/ul>\n<h3>Up \u2013 Para ti:<\/h3>\n<p>Porque tu centro de formaci\u00f3n es \u00fanico, personalizaremos nuestros servicios con la\u00a0imagen de tu empersa y acorde a tus necesidades.<\/p>\n<p>\u00bfQu\u00e9 necesitas? \u00bfLo hablamos?<\/p>\n<p>M\u00e1s de 30 centros de formaci\u00f3n ya conf\u00edan en nosotros, m\u00e1s de 10.000 empresas satisfechas. Somos especialistas, con un sistema integral de servicios adaptado a las demandas de los centros de formaci\u00f3n. Facility Services.<\/p>\n<p>[\/et_pb_text][\/et_pb_column][\/et_pb_row][\/et_pb_section][et_pb_section admin_label=\u00bbSecci\u00f3n\u00bb transparent_background=\u00bboff\u00bb background_color=\u00bb#7ebec5&#8243; background_video_mp4=\u00bbhttp:\/\/up-elearning.com\/wp-content\/uploads\/2017\/03\/674118136-recortado2.mp4&#8243; allow_player_pause=\u00bboff\u00bb inner_shadow=\u00bbon\u00bb parallax=\u00bboff\u00bb parallax_method=\u00bbon\u00bb make_fullwidth=\u00bboff\u00bb use_custom_width=\u00bboff\u00bb width_unit=\u00bbon\u00bb custom_width_px=\u00bb1080px\u00bb custom_width_percent=\u00bb80%\u00bb make_equal=\u00bboff\u00bb use_custom_gutter=\u00bboff\u00bb fullwidth=\u00bbon\u00bb specialty=\u00bboff\u00bb disabled=\u00bboff\u00bb][et_pb_fullwidth_header admin_label=\u00bbT\u00edtulo de anchura completa\u00bb title=\u00bbUna herramienta a medida dise\u00f1ada para ti y para el \u00e9xito de tus resultados\u00bb subhead=\u00bbTodo lo que necesitas\u00bb background_layout=\u00bblight\u00bb text_orientation=\u00bbcenter\u00bb header_fullscreen=\u00bboff\u00bb header_scroll_down=\u00bboff\u00bb title_font_color=\u00bb#ffffff\u00bb subhead_font_color=\u00bb#2da3f2&#8243; parallax=\u00bboff\u00bb parallax_method=\u00bboff\u00bb logo_image_url=\u00bbhttp:\/\/up-elearning.com\/wp-content\/uploads\/2017\/02\/logo.png\u00bb content_orientation=\u00bbcenter\u00bb image_orientation=\u00bbbottom\u00bb custom_button_one=\u00bboff\u00bb button_one_letter_spacing=\u00bb0&#8243; button_one_use_icon=\u00bbdefault\u00bb button_one_icon_placement=\u00bbright\u00bb button_one_on_hover=\u00bbon\u00bb button_one_letter_spacing_hover=\u00bb0&#8243; custom_button_two=\u00bboff\u00bb button_two_letter_spacing=\u00bb0&#8243; button_two_use_icon=\u00bbdefault\u00bb button_two_icon_placement=\u00bbright\u00bb button_two_on_hover=\u00bbon\u00bb button_two_letter_spacing_hover=\u00bb0&#8243; disabled=\u00bboff\u00bb subhead_font=\u00bb|on|||\u00bb] [\/et_pb_fullwidth_header][\/et_pb_section]<\/p>\n","protected":false},"excerpt":{"rendered":"<p>Atenci\u00f3n personalizada, Orientaci\u00f3n al Alumno, y Servicio a los Centros de Formaci\u00f3n Contenidos para cualquier plataforma de Software LMS Una herramienta a medida dise\u00f1ada para ti y para el \u00e9xito de tus resultados Todo lo que tu centro de formaci\u00f3n necesita Nuestra raz\u00f3n de ser es ofrecer a tu centro de formaci\u00f3n todos los servicios [&hellip;]<\/p>\n","protected":false},"author":1,"featured_media":0,"parent":0,"menu_order":0,"comment_status":"closed","ping_status":"closed","template":"","meta":{"_et_pb_use_builder":"on","_et_pb_old_content":"","_et_gb_content_width":"","footnotes":""},"class_list":["post-8","page","type-page","status-publish","hentry"],"jetpack_sharing_enabled":true,"_links":{"self":[{"href":"https:\/\/up-elearning.com\/index.php\/wp-json\/wp\/v2\/pages\/8"}],"collection":[{"href":"https:\/\/up-elearning.com\/index.php\/wp-json\/wp\/v2\/pages"}],"about":[{"href":"https:\/\/up-elearning.com\/index.php\/wp-json\/wp\/v2\/types\/page"}],"author":[{"embeddable":true,"href":"https:\/\/up-elearning.com\/index.php\/wp-json\/wp\/v2\/users\/1"}],"replies":[{"embeddable":true,"href":"https:\/\/up-elearning.com\/index.php\/wp-json\/wp\/v2\/comments?post=8"}],"version-history":[{"count":37,"href":"https:\/\/up-elearning.com\/index.php\/wp-json\/wp\/v2\/pages\/8\/revisions"}],"predecessor-version":[{"id":314,"href":"https:\/\/up-elearning.com\/index.php\/wp-json\/wp\/v2\/pages\/8\/revisions\/314"}],"wp:attachment":[{"href":"https:\/\/up-elearning.com\/index.php\/wp-json\/wp\/v2\/media?parent=8"}],"curies":[{"name":"wp","href":"https:\/\/api.w.org\/{rel}","templated":true}]}}