{"id":54,"date":"2017-02-28T12:12:25","date_gmt":"2017-02-28T12:12:25","guid":{"rendered":"http:\/\/up-elearning.com\/?page_id=54"},"modified":"2017-03-10T12:36:33","modified_gmt":"2017-03-10T12:36:33","slug":"tutorias","status":"publish","type":"page","link":"https:\/\/up-elearning.com\/index.php\/tutorias\/","title":{"rendered":"Tutor\u00edas"},"content":{"rendered":"<p>[et_pb_section admin_label=\u00bbsection\u00bb][et_pb_row admin_label=\u00bbFila\u00bb][et_pb_column type=\u00bb4_4&#8243;][et_pb_text admin_label=\u00bbUp &#8211; Tutor\u00edas\u00bb background_layout=\u00bblight\u00bb text_orientation=\u00bbleft\u00bb use_border_color=\u00bboff\u00bb border_color=\u00bb#ffffff\u00bb border_style=\u00bbsolid\u00bb]<\/p>\n<h1><span style=\"color: #ff6600;\">Up<\/span> &#8211; Tutor\u00edas<\/h1>\n<p>[\/et_pb_text][\/et_pb_column][\/et_pb_row][et_pb_row admin_label=\u00bbrow\u00bb][et_pb_column type=\u00bb2_3&#8243;][et_pb_text admin_label=\u00bbTexto\u00bb background_layout=\u00bblight\u00bb text_orientation=\u00bbjustified\u00bb use_border_color=\u00bboff\u00bb border_color=\u00bb#ffffff\u00bb border_style=\u00bbsolid\u00bb]<\/p>\n<p>Desde hace m\u00e1s de 20 a\u00f1os estamos presentes en el mundo de la formaci\u00f3n dirigida a Empresas, con presencia en todo el territorio nacional y gestionando m\u00e1s de 25.000 tutor\u00edas cada a\u00f1o.<\/p>\n<p>Hemos desarrollado nuestra experiencia en torno a 3 ejes fundamentales:<br \/>\n<b>Atenci\u00f3n personalizada, Orientaci\u00f3n al Alumno, y Servicio a los Centros de Formaci\u00f3n.<\/b><\/p>\n<p>Este a\u00f1o hemos obtenido el Certificado de Calidad 9001, que garantiza el cumplimiento con rigor de nuestro trabajo.<\/p>\n<p>[\/et_pb_text][\/et_pb_column][et_pb_column type=\u00bb1_3&#8243;][et_pb_image admin_label=\u00bbImagen\u00bb src=\u00bbhttp:\/\/up-elearning.com\/wp-content\/uploads\/2017\/02\/iso.png\u00bb alt=\u00bbCertificado ISO 9001:2015&#8243; show_in_lightbox=\u00bboff\u00bb url_new_window=\u00bboff\u00bb use_overlay=\u00bboff\u00bb animation=\u00bbleft\u00bb sticky=\u00bboff\u00bb align=\u00bbright\u00bb force_fullwidth=\u00bboff\u00bb always_center_on_mobile=\u00bbon\u00bb use_border_color=\u00bboff\u00bb border_color=\u00bb#ffffff\u00bb border_style=\u00bbsolid\u00bb] [\/et_pb_image][\/et_pb_column][\/et_pb_row][et_pb_row admin_label=\u00bbFila\u00bb][et_pb_column type=\u00bb1_3&#8243;][et_pb_blurb admin_label=\u00bbAnuncio\u00bb title=\u00bbMISI\u00d3N\u00bb url_new_window=\u00bboff\u00bb use_icon=\u00bbon\u00bb font_icon=\u00bb%%111%%\u00bb icon_color=\u00bb#7ebec5&#8243; use_circle=\u00bbon\u00bb circle_color=\u00bb#ffffff\u00bb use_circle_border=\u00bbon\u00bb circle_border_color=\u00bb#7ebec5&#8243; icon_placement=\u00bbtop\u00bb animation=\u00bbtop\u00bb background_layout=\u00bblight\u00bb text_orientation=\u00bbjustified\u00bb use_icon_font_size=\u00bboff\u00bb use_border_color=\u00bboff\u00bb border_color=\u00bb#ff6666&#8243; border_style=\u00bbsolid\u00bb header_font=\u00bb|on|||on\u00bb header_font_size=\u00bb22&#8243; header_text_color=\u00bb#7ebec5&#8243; header_letter_spacing=\u00bb2px\u00bb custom_css_blurb_title=\u00bbtext-align:center;||padding-bottom: 15px;\u00bb]<\/p>\n<p>Ofrecemos a las empresas y a los centros de formaci\u00f3n un servicio de tutor\u00edas de calidad.<\/p>\n<p>Por ello, contamos con formaci\u00f3n dirigida a todo tipo de profesionales, para que sean capaces de innovar y aportar valor dentro de sus organizaciones.<\/p>\n<p>Personas emprendedoras que puedan liderar el cambio en el seno de la empresa y que tengan la inquietud de seguir aprendiendo algo nuevo cada d\u00eda.<\/p>\n<p>[\/et_pb_blurb][\/et_pb_column][et_pb_column type=\u00bb1_3&#8243;][et_pb_blurb admin_label=\u00bbAnuncio\u00bb title=\u00bbVALORES\u00bb url_new_window=\u00bboff\u00bb use_icon=\u00bbon\u00bb font_icon=\u00bb%%151%%\u00bb icon_color=\u00bb#7ebec5&#8243; use_circle=\u00bbon\u00bb circle_color=\u00bb#ffffff\u00bb use_circle_border=\u00bbon\u00bb circle_border_color=\u00bb#7ebec5&#8243; icon_placement=\u00bbtop\u00bb animation=\u00bbtop\u00bb background_layout=\u00bblight\u00bb text_orientation=\u00bbjustified\u00bb use_icon_font_size=\u00bboff\u00bb use_border_color=\u00bboff\u00bb border_color=\u00bb#ff6666&#8243; border_style=\u00bbsolid\u00bb header_font=\u00bb|on|||on\u00bb header_font_size=\u00bb22&#8243; header_text_color=\u00bb#7ebec5&#8243; header_letter_spacing=\u00bb2px\u00bb custom_css_blurb_title=\u00bbtext-align:center;||padding-bottom: 15px;\u00bb]<\/p>\n<p>Nuestra actividad formativa\u00a0 se basa en tres pilares fundamentales que creemos que son la base de un\u00a0trabajo bien hecho:<\/p>\n<ul>\n<li><b>Disponibilidad<\/b><\/li>\n<li><b>Conocimiento<\/b><\/li>\n<li><b>Entusiasmo <\/b><\/li>\n<\/ul>\n<p>Unos valores que garantizamos a todos los\u00a0 que deciden contar con nosotros para impartir la formaci\u00f3n de sus alumnos.<\/p>\n<p>[\/et_pb_blurb][\/et_pb_column][et_pb_column type=\u00bb1_3&#8243;][et_pb_blurb admin_label=\u00bbAnuncio\u00bb title=\u00bbOBJETIVOS\u00bb url_new_window=\u00bboff\u00bb use_icon=\u00bbon\u00bb font_icon=\u00bb%%372%%\u00bb icon_color=\u00bb#7ebec5&#8243; use_circle=\u00bbon\u00bb circle_color=\u00bb#ffffff\u00bb use_circle_border=\u00bbon\u00bb circle_border_color=\u00bb#7ebec5&#8243; icon_placement=\u00bbtop\u00bb animation=\u00bbtop\u00bb background_layout=\u00bblight\u00bb text_orientation=\u00bbjustified\u00bb use_icon_font_size=\u00bboff\u00bb use_border_color=\u00bboff\u00bb border_color=\u00bb#ff6666&#8243; border_style=\u00bbsolid\u00bb header_font=\u00bb|on|||on\u00bb header_font_size=\u00bb22&#8243; header_text_color=\u00bb#7ebec5&#8243; header_letter_spacing=\u00bb2px\u00bb custom_css_blurb_title=\u00bbtext-align:center;||padding-bottom: 15px;\u00bb]<\/p>\n<p>Queremos convertirnos en un referente formativo a nivel nacional e internacional.<\/p>\n<blockquote><p>Buscamos ayudar a las ENTIDADES DE FORMACI\u00d3N a mejorar su competitividad, mediante la TUTORIZACI\u00d3N de sus ACCIONES FORMATIVAS<\/p><\/blockquote>\n<p>Ofrecemos a los alumnos todas las comodidades y ventajas posibles para adaptar el estudio a sus necesidades.<\/p>\n<p>[\/et_pb_blurb][\/et_pb_column][\/et_pb_row][et_pb_row admin_label=\u00bbFila\u00bb][et_pb_column type=\u00bb4_4&#8243;][et_pb_divider admin_label=\u00bbSeparador\u00bb color=\u00bb#ff6600&#8243; show_divider=\u00bbon\u00bb divider_style=\u00bbdotted\u00bb divider_position=\u00bbtop\u00bb hide_on_mobile=\u00bbon\u00bb height=\u00bb4&#8243;] [\/et_pb_divider][\/et_pb_column][\/et_pb_row][et_pb_row admin_label=\u00bbFila\u00bb][et_pb_column type=\u00bb4_4&#8243;][et_pb_text admin_label=\u00bbTexto\u00bb background_layout=\u00bblight\u00bb text_orientation=\u00bbleft\u00bb use_border_color=\u00bboff\u00bb border_color=\u00bb#ffffff\u00bb border_style=\u00bbsolid\u00bb]<\/p>\n<h1><span style=\"color: #ff6600;\">Nuestros Servicios &#8211; Lo que nos hace diferentes<\/span><\/h1>\n<p>[\/et_pb_text][\/et_pb_column][\/et_pb_row][et_pb_row admin_label=\u00bbFila\u00bb][et_pb_column type=\u00bb1_2&#8243;][et_pb_image admin_label=\u00bbImagen\u00bb src=\u00bbhttp:\/\/up-elearning.com\/wp-content\/uploads\/2017\/02\/adult-1867751_1920.jpg\u00bb show_in_lightbox=\u00bboff\u00bb url_new_window=\u00bboff\u00bb use_overlay=\u00bboff\u00bb animation=\u00bbleft\u00bb sticky=\u00bbon\u00bb align=\u00bbcenter\u00bb force_fullwidth=\u00bbon\u00bb always_center_on_mobile=\u00bbon\u00bb use_border_color=\u00bboff\u00bb border_color=\u00bb#ffffff\u00bb border_style=\u00bbsolid\u00bb] [\/et_pb_image][\/et_pb_column][et_pb_column type=\u00bb1_2&#8243;][et_pb_accordion admin_label=\u00bbAcorde\u00f3n\u00bb use_border_color=\u00bboff\u00bb border_color=\u00bb#ffffff\u00bb border_style=\u00bbsolid\u00bb toggle_font=\u00bb|on|||\u00bb] [et_pb_accordion_item title=\u00bbFormaci\u00f3n Programada para Empresas\u00bb]<\/p>\n<p>La forma m\u00e1s c\u00f3moda de que los alumnos organicen su proceso de aprendizaje y sus tiempos de estudio con el apoyo de su tutor y sus compa\u00f1eros.<\/p>\n<p>[\/et_pb_accordion_item][et_pb_accordion_item title=\u00bbCertificado de Profesionalidad\u00bb] Acompa\u00f1amos a nuestros alumnos durante todo el proyecto formativo, motiv\u00e1ndoles y apoy\u00e1ndoles para completar con \u00e9xito su formaci\u00f3n. [\/et_pb_accordion_item][et_pb_accordion_item title=\u00bbFormaci\u00f3n Blended (semipresencial)\u00bb] Desarrollamos programas formativos estructurados y adaptados a cada realidad. [\/et_pb_accordion_item][et_pb_accordion_item title=\u00bbFormaci\u00f3n Presencial\u00bb]<\/p>\n<p>Cuando la necesidad formativa requiera que sea presencial nos desplazamos a tu centro \/ empresa para impartir la formaci\u00f3n.<\/p>\n<p>[\/et_pb_accordion_item] [\/et_pb_accordion][\/et_pb_column][\/et_pb_row][et_pb_row admin_label=\u00bbFila\u00bb][et_pb_column type=\u00bb4_4&#8243;][et_pb_text admin_label=\u00bbTexto\u00bb background_layout=\u00bblight\u00bb text_orientation=\u00bbleft\u00bb use_border_color=\u00bboff\u00bb border_color=\u00bb#ffffff\u00bb border_style=\u00bbsolid\u00bb]<\/p>\n<h1><span style=\"color: #ff6600;\">Nuestra metodolog\u00eda<\/span><\/h1>\n<p>[\/et_pb_text][\/et_pb_column][\/et_pb_row][et_pb_row admin_label=\u00bbFila\u00bb][et_pb_column type=\u00bb1_3&#8243;][et_pb_blurb admin_label=\u00bbAnuncio\u00bb title=\u00bbAcciones Pre. (opcionales)\u00bb url_new_window=\u00bboff\u00bb use_icon=\u00bbon\u00bb font_icon=\u00bb%%49%%\u00bb icon_color=\u00bb#7EBEC5&#8243; use_circle=\u00bboff\u00bb circle_color=\u00bb#7EBEC5&#8243; use_circle_border=\u00bboff\u00bb circle_border_color=\u00bb#7EBEC5&#8243; icon_placement=\u00bbtop\u00bb animation=\u00bbtop\u00bb background_layout=\u00bblight\u00bb text_orientation=\u00bbcenter\u00bb use_icon_font_size=\u00bboff\u00bb use_border_color=\u00bboff\u00bb border_color=\u00bb#ffffff\u00bb border_style=\u00bbsolid\u00bb]<\/p>\n<p>Antes del inicio de la Acci\u00f3n Formativa, el alumno recibir\u00e1 con una semana de antelaci\u00f3n un sms y un email, anunciando el comienzo del mismo y proporcion\u00e1ndole los datos de acceso a la plataforma.<\/p>\n<p>24 horas antes del inicio de la Acci\u00f3n Formativa, recibir\u00e1 de nuevo un email y un sms recordatorio.<\/p>\n<p>[\/et_pb_blurb][\/et_pb_column][et_pb_column type=\u00bb1_3&#8243;][et_pb_blurb admin_label=\u00bbAnuncio\u00bb title=\u00bbLlamada de inicio\u00bb url_new_window=\u00bboff\u00bb use_icon=\u00bbon\u00bb font_icon=\u00bb%%375%%\u00bb icon_color=\u00bb#7EBEC5&#8243; use_circle=\u00bboff\u00bb circle_color=\u00bb#7EBEC5&#8243; use_circle_border=\u00bboff\u00bb circle_border_color=\u00bb#7EBEC5&#8243; icon_placement=\u00bbtop\u00bb animation=\u00bbtop\u00bb background_layout=\u00bblight\u00bb text_orientation=\u00bbcenter\u00bb use_icon_font_size=\u00bboff\u00bb use_border_color=\u00bboff\u00bb border_color=\u00bb#ffffff\u00bb border_style=\u00bbsolid\u00bb]<\/p>\n<p>La primera llamada es fundamental.\u00a0En ella se presentar\u00e1 el servicio de tutor\u00edas y al tutor, y se guiar\u00e1 al alumno en su primera conexi\u00f3n online al curso.<\/p>\n<p>[\/et_pb_blurb][\/et_pb_column][et_pb_column type=\u00bb1_3&#8243;][et_pb_blurb admin_label=\u00bbAnuncio\u00bb title=\u00bbLlamadas de seguimiento\u00bb url_new_window=\u00bboff\u00bb use_icon=\u00bbon\u00bb font_icon=\u00bb%%132%%\u00bb icon_color=\u00bb#7EBEC5&#8243; use_circle=\u00bboff\u00bb circle_color=\u00bb#7EBEC5&#8243; use_circle_border=\u00bboff\u00bb circle_border_color=\u00bb#7EBEC5&#8243; icon_placement=\u00bbtop\u00bb animation=\u00bbtop\u00bb background_layout=\u00bblight\u00bb text_orientation=\u00bbcenter\u00bb use_icon_font_size=\u00bboff\u00bb use_border_color=\u00bboff\u00bb border_color=\u00bb#ffffff\u00bb border_style=\u00bbsolid\u00bb]<\/p>\n<p>En funci\u00f3n de la duraci\u00f3n de la acci\u00f3n formativa, se programan llamadas de seguimiento y dinamizaci\u00f3n, con el fin de comprobar e incentivar el inter\u00e9s del alumno. Tenemos establecido un protocolo de una llamada cada 20 horas de programaci\u00f3n did\u00e1ctica.<\/p>\n<p>[\/et_pb_blurb][\/et_pb_column][\/et_pb_row][et_pb_row admin_label=\u00bbFila\u00bb][et_pb_column type=\u00bb1_3&#8243;][et_pb_blurb admin_label=\u00bbAnuncio\u00bb title=\u00bbResoluci\u00f3n de dudas y devoluci\u00f3n de llamadas no atendidas &#8211; Compromiso 24 horas\u00bb url_new_window=\u00bboff\u00bb use_icon=\u00bbon\u00bb font_icon=\u00bb%%373%%\u00bb icon_color=\u00bb#7EBEC5&#8243; use_circle=\u00bboff\u00bb circle_color=\u00bb#7EBEC5&#8243; use_circle_border=\u00bboff\u00bb circle_border_color=\u00bb#7EBEC5&#8243; icon_placement=\u00bbtop\u00bb animation=\u00bbtop\u00bb background_layout=\u00bblight\u00bb text_orientation=\u00bbcenter\u00bb use_icon_font_size=\u00bboff\u00bb use_border_color=\u00bboff\u00bb border_color=\u00bb#ffffff\u00bb border_style=\u00bbsolid\u00bb]<\/p>\n<p>Para facilitar la flexibilidad en cuanto al horario y calendario de estudio del alumno\/a, disponemos de varias herramientas para que pueda realizar sus consultas o planteamientos en tiempo real y a cualquier hora del d\u00eda, comprometi\u00e9ndonos a responderl en un plazo de 24h (d\u00edas laborables).<\/p>\n<p>[\/et_pb_blurb][\/et_pb_column][et_pb_column type=\u00bb1_3&#8243;][et_pb_blurb admin_label=\u00bbAnuncio\u00bb title=\u00bbActividades colaborativas\u00bb url_new_window=\u00bboff\u00bb use_icon=\u00bbon\u00bb font_icon=\u00bb%%86%%\u00bb icon_color=\u00bb#7EBEC5&#8243; use_circle=\u00bboff\u00bb circle_color=\u00bb#7EBEC5&#8243; use_circle_border=\u00bboff\u00bb circle_border_color=\u00bb#7EBEC5&#8243; icon_placement=\u00bbtop\u00bb animation=\u00bbtop\u00bb background_layout=\u00bblight\u00bb text_orientation=\u00bbcenter\u00bb use_icon_font_size=\u00bboff\u00bb use_border_color=\u00bboff\u00bb border_color=\u00bb#ffffff\u00bb border_style=\u00bbsolid\u00bb]<\/p>\n<p>Definiremos en funci\u00f3n de cada Acci\u00f3n Formativa la programaci\u00f3n de Chats y Foros, con el fin de incrementar la participaci\u00f3n del alumnado, fomentando y complementando el aprendizaje de la materia y la implicaci\u00f3n en el curso.<\/p>\n<p>Ofrecemos adicionalmente, el refuerzo de cada interacci\u00f3n en foros y chats, con emails de alertas o avisos.<\/p>\n<p>[\/et_pb_blurb][\/et_pb_column][et_pb_column type=\u00bb1_3&#8243;][et_pb_blurb admin_label=\u00bbAnuncio\u00bb title=\u00bbAtenci\u00f3n telef\u00f3nica\u00bb url_new_window=\u00bboff\u00bb use_icon=\u00bbon\u00bb font_icon=\u00bb%%264%%\u00bb icon_color=\u00bb#7EBEC5&#8243; use_circle=\u00bboff\u00bb circle_color=\u00bb#7EBEC5&#8243; use_circle_border=\u00bboff\u00bb circle_border_color=\u00bb#7EBEC5&#8243; icon_placement=\u00bbtop\u00bb animation=\u00bbtop\u00bb background_layout=\u00bblight\u00bb text_orientation=\u00bbcenter\u00bb use_icon_font_size=\u00bboff\u00bb use_border_color=\u00bboff\u00bb border_color=\u00bb#ffffff\u00bb border_style=\u00bbsolid\u00bb]<\/p>\n<p>El tutor estar\u00e1 disponible en el tramo horario que tenga asignado el alumno\/a, para atender todas sus consultas.<\/p>\n<p>Adem\u00e1s, habr\u00e1 un equipo de profesionales de lunes a viernes de 9h a 18,30h\u00a0de asistencia inmediata al alumnado.<\/p>\n<p>[\/et_pb_blurb][\/et_pb_column][\/et_pb_row][et_pb_row admin_label=\u00bbFila\u00bb][et_pb_column type=\u00bb4_4&#8243;][et_pb_cta admin_label=\u00bbLlamada a la acci\u00f3n\u00bb title=\u00bb%22En tiempos de cambio, quienes est\u00e9n abiertos al aprendizaje se adue\u00f1ar\u00e1n del futuro, mientras que aquellos que creen saberlo todo estar\u00e1n bien equipados para un mundo que ya no existe%22 (Eric Hoffer)\u00bb url_new_window=\u00bboff\u00bb use_background_color=\u00bbon\u00bb background_color=\u00bb#7EBEC5&#8243; background_layout=\u00bbdark\u00bb text_orientation=\u00bbleft\u00bb use_border_color=\u00bboff\u00bb border_color=\u00bb#ffffff\u00bb border_style=\u00bbsolid\u00bb custom_button=\u00bboff\u00bb button_letter_spacing=\u00bb0&#8243; button_use_icon=\u00bbdefault\u00bb button_icon_placement=\u00bbright\u00bb button_on_hover=\u00bbon\u00bb button_letter_spacing_hover=\u00bb0&#8243;] [\/et_pb_cta][\/et_pb_column][\/et_pb_row][\/et_pb_section]<\/p>\n","protected":false},"excerpt":{"rendered":"<p>Up &#8211; Tutor\u00edas Desde hace m\u00e1s de 20 a\u00f1os estamos presentes en el mundo de la formaci\u00f3n dirigida a Empresas, con presencia en todo el territorio nacional y gestionando m\u00e1s de 25.000 tutor\u00edas cada a\u00f1o. Hemos desarrollado nuestra experiencia en torno a 3 ejes fundamentales: Atenci\u00f3n personalizada, Orientaci\u00f3n al Alumno, y Servicio a los Centros [&hellip;]<\/p>\n","protected":false},"author":1,"featured_media":0,"parent":0,"menu_order":0,"comment_status":"closed","ping_status":"closed","template":"","meta":{"_et_pb_use_builder":"on","_et_pb_old_content":"","_et_gb_content_width":"","footnotes":""},"class_list":["post-54","page","type-page","status-publish","hentry"],"jetpack_sharing_enabled":true,"_links":{"self":[{"href":"https:\/\/up-elearning.com\/index.php\/wp-json\/wp\/v2\/pages\/54"}],"collection":[{"href":"https:\/\/up-elearning.com\/index.php\/wp-json\/wp\/v2\/pages"}],"about":[{"href":"https:\/\/up-elearning.com\/index.php\/wp-json\/wp\/v2\/types\/page"}],"author":[{"embeddable":true,"href":"https:\/\/up-elearning.com\/index.php\/wp-json\/wp\/v2\/users\/1"}],"replies":[{"embeddable":true,"href":"https:\/\/up-elearning.com\/index.php\/wp-json\/wp\/v2\/comments?post=54"}],"version-history":[{"count":47,"href":"https:\/\/up-elearning.com\/index.php\/wp-json\/wp\/v2\/pages\/54\/revisions"}],"predecessor-version":[{"id":317,"href":"https:\/\/up-elearning.com\/index.php\/wp-json\/wp\/v2\/pages\/54\/revisions\/317"}],"wp:attachment":[{"href":"https:\/\/up-elearning.com\/index.php\/wp-json\/wp\/v2\/media?parent=54"}],"curies":[{"name":"wp","href":"https:\/\/api.w.org\/{rel}","templated":true}]}}