{"id":331,"date":"2017-03-21T16:38:29","date_gmt":"2017-03-21T16:38:29","guid":{"rendered":"http:\/\/up-elearning.com\/?page_id=331"},"modified":"2017-03-22T11:20:17","modified_gmt":"2017-03-22T11:20:17","slug":"pack","status":"publish","type":"page","link":"https:\/\/up-elearning.com\/index.php\/pack\/","title":{"rendered":"Pack"},"content":{"rendered":"<p>[et_pb_section bb_built=\u00bb1&#8243; admin_label=\u00bbsection\u00bb][et_pb_row admin_label=\u00bbrow\u00bb][et_pb_column type=\u00bb4_4&#8243;][et_pb_text admin_label=\u00bbPack Facility Services\u00bb background_layout=\u00bblight\u00bb text_orientation=\u00bbleft\u00bb use_border_color=\u00bboff\u00bb border_color=\u00bb#ffffff\u00bb border_style=\u00bbsolid\u00bb]<\/p>\n<h1><span style=\"color: #ff6600;\">Pack<\/span> &#8211; Facility Services<\/h1>\n<p>[\/et_pb_text][et_pb_cta admin_label=\u00bbLlamada a la acci\u00f3n\u00bb title=\u00bbCero problemas, cero preocupaciones\u00bb url_new_window=\u00bboff\u00bb use_background_color=\u00bbon\u00bb background_color=\u00bb#7EBEC5&#8243; background_layout=\u00bbdark\u00bb text_orientation=\u00bbcenter\u00bb use_border_color=\u00bboff\u00bb border_color=\u00bb#ffffff\u00bb border_style=\u00bbsolid\u00bb custom_button=\u00bboff\u00bb button_letter_spacing=\u00bb0&#8243; button_use_icon=\u00bbdefault\u00bb button_icon_placement=\u00bbright\u00bb button_on_hover=\u00bbon\u00bb button_letter_spacing_hover=\u00bb0&#8243; \/][et_pb_text admin_label=\u00bbTexto\u00bb background_layout=\u00bblight\u00bb text_orientation=\u00bbleft\u00bb use_border_color=\u00bboff\u00bb border_color=\u00bb#ffffff\u00bb border_style=\u00bbsolid\u00bb]<\/p>\n<p>Ponemos a tu alcance un servicio integrado, que comprende la totalidad de las acciones del proceso formativo del alumno\/a:<\/p>\n<p>[\/et_pb_text][\/et_pb_column][\/et_pb_row][et_pb_row admin_label=\u00bbFila\u00bb][et_pb_column type=\u00bb1_3&#8243;][et_pb_blurb admin_label=\u00bbTutor\u00edas\u00bb title=\u00bbTutor\u00edas\u00bb url=\u00bbhttp:\/\/up-elearning.com\/index.php\/tutorias\/\u00bb url_new_window=\u00bboff\u00bb use_icon=\u00bboff\u00bb icon_color=\u00bb#7EBEC5&#8243; use_circle=\u00bboff\u00bb circle_color=\u00bb#7EBEC5&#8243; use_circle_border=\u00bboff\u00bb circle_border_color=\u00bb#7EBEC5&#8243; image=\u00bbhttp:\/\/up-elearning.com\/wp-content\/uploads\/2017\/03\/tutorias.png\u00bb icon_placement=\u00bbtop\u00bb animation=\u00bbtop\u00bb background_layout=\u00bblight\u00bb text_orientation=\u00bbcenter\u00bb use_icon_font_size=\u00bboff\u00bb use_border_color=\u00bboff\u00bb border_color=\u00bb#ffffff\u00bb border_style=\u00bbsolid\u00bb header_font=\u00bb|on|||\u00bb header_font_size=\u00bb24&#8243; header_text_color=\u00bb#ff6600&#8243; \/][\/et_pb_column][et_pb_column type=\u00bb1_3&#8243;][et_pb_blurb admin_label=\u00bbContenidos\u00bb title=\u00bbContenidos\u00bb url=\u00bbhttp:\/\/up-elearning.com\/index.php\/contenidos\/\u00bb url_new_window=\u00bboff\u00bb use_icon=\u00bboff\u00bb icon_color=\u00bb#7EBEC5&#8243; use_circle=\u00bboff\u00bb circle_color=\u00bb#7EBEC5&#8243; use_circle_border=\u00bboff\u00bb circle_border_color=\u00bb#7EBEC5&#8243; image=\u00bbhttp:\/\/up-elearning.com\/wp-content\/uploads\/2017\/03\/contenidos.png\u00bb icon_placement=\u00bbtop\u00bb animation=\u00bbleft\u00bb background_layout=\u00bblight\u00bb text_orientation=\u00bbcenter\u00bb use_icon_font_size=\u00bboff\u00bb use_border_color=\u00bboff\u00bb border_color=\u00bb#ffffff\u00bb border_style=\u00bbsolid\u00bb header_font=\u00bb|on|||\u00bb header_font_size=\u00bb24&#8243; header_text_color=\u00bb#ff6600&#8243; \/][\/et_pb_column][et_pb_column type=\u00bb1_3&#8243;][et_pb_blurb admin_label=\u00bbCampus\u00bb title=\u00bbCampus\u00bb url=\u00bbhttp:\/\/up-elearning.com\/index.php\/campus\/\u00bb url_new_window=\u00bboff\u00bb use_icon=\u00bboff\u00bb icon_color=\u00bb#7EBEC5&#8243; use_circle=\u00bboff\u00bb circle_color=\u00bb#7EBEC5&#8243; use_circle_border=\u00bboff\u00bb circle_border_color=\u00bb#7EBEC5&#8243; image=\u00bbhttp:\/\/up-elearning.com\/wp-content\/uploads\/2017\/03\/campus.png\u00bb icon_placement=\u00bbtop\u00bb animation=\u00bbbottom\u00bb background_layout=\u00bblight\u00bb text_orientation=\u00bbcenter\u00bb use_icon_font_size=\u00bboff\u00bb use_border_color=\u00bboff\u00bb border_color=\u00bb#ffffff\u00bb border_style=\u00bbsolid\u00bb header_font=\u00bb|on|||\u00bb header_font_size=\u00bb24&#8243; header_text_color=\u00bb#ff6600&#8243; \/][\/et_pb_column][\/et_pb_row][et_pb_row admin_label=\u00bbFila\u00bb][et_pb_column type=\u00bb4_4&#8243;][et_pb_divider admin_label=\u00bbSeparador\u00bb color=\u00bb#ff6600&#8243; show_divider=\u00bbon\u00bb divider_style=\u00bbsolid\u00bb divider_position=\u00bbtop\u00bb hide_on_mobile=\u00bbon\u00bb \/][et_pb_text admin_label=\u00bbTexto\u00bb background_layout=\u00bblight\u00bb text_orientation=\u00bbleft\u00bb use_border_color=\u00bboff\u00bb border_color=\u00bb#ffffff\u00bb border_style=\u00bbsolid\u00bb]<\/p>\n<h3 style=\"text-align: center;\">Nuestro objetivo es facilitar a tu centro de formaci\u00f3n todo lo que necesita.<\/h3>\n<h3 style=\"text-align: center;\">Os recordamos las claves de nuestros servicios:<\/h3>\n<p>[\/et_pb_text][\/et_pb_column][\/et_pb_row][et_pb_row admin_label=\u00bbFila\u00bb][et_pb_column type=\u00bb1_3&#8243;][et_pb_text admin_label=\u00bbTutor\u00edas\u00bb background_layout=\u00bblight\u00bb text_orientation=\u00bbleft\u00bb use_border_color=\u00bboff\u00bb border_color=\u00bb#ffffff\u00bb border_style=\u00bbsolid\u00bb]<\/p>\n<h1><span style=\"color: #3d68b2;\">Tutor\u00edas<\/span><\/h1>\n<ul>\n<li>Acciones Pre (opcionales).<\/li>\n<li>Llamadas de Inicio.<\/li>\n<li>Llamadas de Seguimiento.<\/li>\n<li>Resoluci\u00f3n de dudas y devoluci\u00f3n de llamadas no atendidas &#8211; Compromiso 24 horas.<\/li>\n<li>Actividades Colaborativas.<\/li>\n<li>Atenci\u00f3n telef\u00f3nica.<\/li>\n<\/ul>\n<p>Nuestra actividad formativa se basa en tres pilares fundamentales que creemos que son la base de un trabajo bien hecho:<\/p>\n<h4 style=\"text-align: center;\">Disponibilidad<\/h4>\n<h4 style=\"text-align: center;\">Conocimiento<\/h4>\n<h4 style=\"text-align: center;\">Entusiasmo<\/h4>\n<p>Unos valores que garantizamos a todos los que deciden contar con nosotros para impartir la formaci\u00f3n de sus alumnos.<\/p>\n<p>[\/et_pb_text][\/et_pb_column][et_pb_column type=\u00bb1_3&#8243;][et_pb_text admin_label=\u00bbContenidos\u00bb background_layout=\u00bblight\u00bb text_orientation=\u00bbleft\u00bb use_border_color=\u00bboff\u00bb border_color=\u00bb#ffffff\u00bb border_style=\u00bbsolid\u00bb]<\/p>\n<h1><span style=\"color: #3d68b2;\">Contenidos<\/span><\/h1>\n<ul>\n<li>Gu\u00edas did\u00e1cticas PERSONALIZABLES POR ALUMNO.<\/li>\n<li>Organizaci\u00f3n secuencial.<\/li>\n<li>Aprendizaje activo.<\/li>\n<li>Evaluaci\u00f3n continua.<\/li>\n<li>Navegaci\u00f3n.<\/li>\n<li>Dise\u00f1o atractivo.<\/li>\n<li>Ejercicios interactivos.<\/li>\n<li>Actividades pr\u00e1cticas.<\/li>\n<li>Ex\u00e1menes de autoevaluaci\u00f3n.<\/li>\n<li>Art\u00edculos complementarios.<\/li>\n<li>Direcciones de inter\u00e9s.<\/li>\n<\/ul>\n<p>[\/et_pb_text][\/et_pb_column][et_pb_column type=\u00bb1_3&#8243;][et_pb_text admin_label=\u00bbCampus\u00bb background_layout=\u00bblight\u00bb text_orientation=\u00bbleft\u00bb use_border_color=\u00bboff\u00bb border_color=\u00bb#ffffff\u00bb border_style=\u00bbsolid\u00bb]<\/p>\n<h1><span style=\"color: #3d68b2;\">Campus<\/span><\/h1>\n<ul>\n<li>Campus 24&#215;7.<\/li>\n<li>Contenidos digitales.<\/li>\n<li>Personalizaci\u00f3n.<\/li>\n<li>Cat\u00e1logo de cursos vers\u00e1til.<\/li>\n<li>Acceso simult\u00e1neo.<\/li>\n<li>Responsive.<\/li>\n<li>Compatibilidad total, cero problemas.<\/li>\n<li>Manual uso del Campus.<\/li>\n<li>Servicio de Notificaciones.<\/li>\n<li>Olv\u00eddate de las incidencias inform\u00e1ticas, nosotros nos ocupamos.<\/li>\n<li>Administraci\u00f3n de los participantes.<\/li>\n<li>Creaci\u00f3n de perfiles.<\/li>\n<li>\u00a1Todo bajo control!<\/li>\n<li>Acceso a un back office para supervisar todas las interacciones realizadas en el Campus por los diferentes usuarios (tutores, alumnos e inspectores)<\/li>\n<\/ul>\n<p>[\/et_pb_text][\/et_pb_column][\/et_pb_row][\/et_pb_section]<\/p>\n","protected":false},"excerpt":{"rendered":"<p>Pack &#8211; Facility Services Ponemos a tu alcance un servicio integrado, que comprende la totalidad de las acciones del proceso formativo del alumno\/a: Nuestro objetivo es facilitar a tu centro de formaci\u00f3n todo lo que necesita. Os recordamos las claves de nuestros servicios: Tutor\u00edas Acciones Pre (opcionales). Llamadas de Inicio. Llamadas de Seguimiento. Resoluci\u00f3n de [&hellip;]<\/p>\n","protected":false},"author":1,"featured_media":0,"parent":0,"menu_order":0,"comment_status":"closed","ping_status":"closed","template":"","meta":{"_et_pb_use_builder":"on","_et_pb_old_content":"","_et_gb_content_width":"","footnotes":""},"class_list":["post-331","page","type-page","status-publish","hentry"],"jetpack_sharing_enabled":true,"_links":{"self":[{"href":"https:\/\/up-elearning.com\/index.php\/wp-json\/wp\/v2\/pages\/331"}],"collection":[{"href":"https:\/\/up-elearning.com\/index.php\/wp-json\/wp\/v2\/pages"}],"about":[{"href":"https:\/\/up-elearning.com\/index.php\/wp-json\/wp\/v2\/types\/page"}],"author":[{"embeddable":true,"href":"https:\/\/up-elearning.com\/index.php\/wp-json\/wp\/v2\/users\/1"}],"replies":[{"embeddable":true,"href":"https:\/\/up-elearning.com\/index.php\/wp-json\/wp\/v2\/comments?post=331"}],"version-history":[{"count":23,"href":"https:\/\/up-elearning.com\/index.php\/wp-json\/wp\/v2\/pages\/331\/revisions"}],"predecessor-version":[{"id":359,"href":"https:\/\/up-elearning.com\/index.php\/wp-json\/wp\/v2\/pages\/331\/revisions\/359"}],"wp:attachment":[{"href":"https:\/\/up-elearning.com\/index.php\/wp-json\/wp\/v2\/media?parent=331"}],"curies":[{"name":"wp","href":"https:\/\/api.w.org\/{rel}","templated":true}]}}