{"id":108,"date":"2017-02-28T17:48:54","date_gmt":"2017-02-28T17:48:54","guid":{"rendered":"http:\/\/up-elearning.com\/?page_id=108"},"modified":"2017-03-10T13:14:48","modified_gmt":"2017-03-10T13:14:48","slug":"campus","status":"publish","type":"page","link":"https:\/\/up-elearning.com\/index.php\/campus\/","title":{"rendered":"Campus"},"content":{"rendered":"<p>[et_pb_section admin_label=\u00bbsection\u00bb][et_pb_row admin_label=\u00bbFila\u00bb][et_pb_column type=\u00bb4_4&#8243;][et_pb_text admin_label=\u00bbUp &#8211; Campus\u00bb background_layout=\u00bblight\u00bb text_orientation=\u00bbleft\u00bb use_border_color=\u00bboff\u00bb border_color=\u00bb#ffffff\u00bb border_style=\u00bbsolid\u00bb]<\/p>\n<h1><span style=\"color: #ff6600;\">Up<\/span> &#8211; Campus<\/h1>\n<p>[\/et_pb_text][\/et_pb_column][\/et_pb_row][et_pb_row admin_label=\u00bbFila\u00bb make_fullwidth=\u00bboff\u00bb use_custom_width=\u00bboff\u00bb width_unit=\u00bbon\u00bb use_custom_gutter=\u00bboff\u00bb padding_mobile=\u00bboff\u00bb allow_player_pause=\u00bboff\u00bb parallax=\u00bboff\u00bb parallax_method=\u00bboff\u00bb make_equal=\u00bboff\u00bb parallax_1=\u00bboff\u00bb parallax_method_1=\u00bboff\u00bb parallax_2=\u00bboff\u00bb parallax_method_2=\u00bboff\u00bb parallax_3=\u00bboff\u00bb parallax_method_3=\u00bboff\u00bb parallax_4=\u00bboff\u00bb parallax_method_4=\u00bboff\u00bb column_padding_mobile=\u00bbon\u00bb module_id=\u00bbservicios\u00bb][et_pb_column type=\u00bb1_4&#8243;][et_pb_button admin_label=\u00bbServicios\u00bb button_url=\u00bb#servicios\u00bb url_new_window=\u00bboff\u00bb button_text=\u00bbServicios\u00bb button_alignment=\u00bbcenter\u00bb background_layout=\u00bblight\u00bb custom_button=\u00bbon\u00bb button_letter_spacing=\u00bb0&#8243; button_use_icon=\u00bbdefault\u00bb button_icon_placement=\u00bbright\u00bb button_on_hover=\u00bbon\u00bb button_letter_spacing_hover=\u00bb0&#8243; button_text_color_hover=\u00bb#ffffff\u00bb button_bg_color_hover=\u00bb#ff6600&#8243;]<\/p>\n<p>[\/et_pb_button][\/et_pb_column][et_pb_column type=\u00bb1_4&#8243;][et_pb_button admin_label=\u00bbCaracter\u00edsticas\u00bb button_url=\u00bb#caracteristicas\u00bb url_new_window=\u00bboff\u00bb button_text=\u00bbCaracter\u00edsticas\u00bb button_alignment=\u00bbcenter\u00bb background_layout=\u00bblight\u00bb custom_button=\u00bbon\u00bb button_letter_spacing=\u00bb0&#8243; button_use_icon=\u00bbdefault\u00bb button_icon_placement=\u00bbright\u00bb button_on_hover=\u00bbon\u00bb button_letter_spacing_hover=\u00bb0&#8243; button_text_color_hover=\u00bb#ffffff\u00bb button_bg_color_hover=\u00bb#ff6600&#8243;]<\/p>\n<p>[\/et_pb_button][\/et_pb_column][et_pb_column type=\u00bb1_4&#8243;][et_pb_button admin_label=\u00bbPersonalizaci\u00f3n\u00bb button_url=\u00bb#personalizacion\u00bb url_new_window=\u00bboff\u00bb button_text=\u00bbPersonalizaci\u00f3n\u00bb button_alignment=\u00bbcenter\u00bb background_layout=\u00bblight\u00bb custom_button=\u00bbon\u00bb button_letter_spacing=\u00bb0&#8243; button_use_icon=\u00bbdefault\u00bb button_icon_placement=\u00bbright\u00bb button_on_hover=\u00bbon\u00bb button_letter_spacing_hover=\u00bb0&#8243; button_text_color_hover=\u00bb#ffffff\u00bb button_bg_color_hover=\u00bb#ff6600&#8243;]<\/p>\n<p>[\/et_pb_button][\/et_pb_column][et_pb_column type=\u00bb1_4&#8243;][et_pb_button admin_label=\u00bbVentajas\u00bb button_url=\u00bb#ventajas\u00bb url_new_window=\u00bboff\u00bb button_text=\u00bbVentajas\u00bb button_alignment=\u00bbcenter\u00bb background_layout=\u00bblight\u00bb custom_button=\u00bbon\u00bb button_letter_spacing=\u00bb0&#8243; button_use_icon=\u00bbdefault\u00bb button_icon_placement=\u00bbright\u00bb button_on_hover=\u00bbon\u00bb button_letter_spacing_hover=\u00bb0&#8243; button_text_color_hover=\u00bb#ffffff\u00bb button_bg_color_hover=\u00bb#ff6600&#8243;]<\/p>\n<p>[\/et_pb_button][\/et_pb_column][\/et_pb_row][et_pb_row admin_label=\u00bbFila\u00bb][et_pb_column type=\u00bb4_4&#8243;][et_pb_text admin_label=\u00bbTexto\u00bb background_layout=\u00bblight\u00bb text_orientation=\u00bbleft\u00bb use_border_color=\u00bboff\u00bb border_color=\u00bb#ffffff\u00bb border_style=\u00bbsolid\u00bb]<\/p>\n<h1><span style=\"color: #ff6600;\">Nuestro distintivo UP-Campus<\/span><\/h1>\n<p>Garantizamos el servicio, adem\u00e1s de la realizaci\u00f3n de las <b>adaptaciones necesarias<\/b> para que la plataforma cumpla con los requisitos espec\u00edficos que necesites.<\/p>\n<p>[\/et_pb_text][\/et_pb_column][\/et_pb_row][et_pb_row admin_label=\u00bbrow\u00bb][et_pb_column type=\u00bb1_3&#8243;][et_pb_blurb admin_label=\u00bbAnuncio\u00bb title=\u00bbAdminsitraci\u00f3n\u00bb url_new_window=\u00bboff\u00bb use_icon=\u00bbon\u00bb font_icon=\u00bb%%72%%\u00bb icon_color=\u00bb#7EBEC5&#8243; use_circle=\u00bboff\u00bb circle_color=\u00bb#7EBEC5&#8243; use_circle_border=\u00bboff\u00bb circle_border_color=\u00bb#7EBEC5&#8243; icon_placement=\u00bbtop\u00bb animation=\u00bbtop\u00bb background_layout=\u00bblight\u00bb text_orientation=\u00bbcenter\u00bb use_icon_font_size=\u00bboff\u00bb use_border_color=\u00bboff\u00bb border_color=\u00bb#ffffff\u00bb border_style=\u00bbsolid\u00bb]<\/p>\n<p>De usuarios, perfiles, recursos, contenidos y actividades. Todo lo que requiere la acci\u00f3n formativa.<\/p>\n<p>[\/et_pb_blurb][\/et_pb_column][et_pb_column type=\u00bb1_3&#8243;][et_pb_blurb admin_label=\u00bbAnuncio\u00bb title=\u00bbCalendario y Organizaci\u00f3n\u00bb url_new_window=\u00bboff\u00bb use_icon=\u00bbon\u00bb font_icon=\u00bb%%156%%\u00bb icon_color=\u00bb#7EBEC5&#8243; use_circle=\u00bboff\u00bb circle_color=\u00bb#7EBEC5&#8243; use_circle_border=\u00bboff\u00bb circle_border_color=\u00bb#7EBEC5&#8243; icon_placement=\u00bbtop\u00bb animation=\u00bbtop\u00bb background_layout=\u00bblight\u00bb text_orientation=\u00bbcenter\u00bb use_icon_font_size=\u00bboff\u00bb use_border_color=\u00bboff\u00bb border_color=\u00bb#ffffff\u00bb border_style=\u00bbsolid\u00bb]<\/p>\n<p>La mejor forma de organizar los eventos: foros, chats, etc. Con este servicio garantizamos la adecuada programaci\u00f3n de las acciones durante el desarrollo del curso.<\/p>\n<p>[\/et_pb_blurb][\/et_pb_column][et_pb_column type=\u00bb1_3&#8243;][et_pb_blurb admin_label=\u00bbAnuncio\u00bb title=\u00bbEvaluaci\u00f3n\u00bb url_new_window=\u00bboff\u00bb use_icon=\u00bbon\u00bb font_icon=\u00bb%%75%%\u00bb icon_color=\u00bb#7EBEC5&#8243; use_circle=\u00bboff\u00bb circle_color=\u00bb#7EBEC5&#8243; use_circle_border=\u00bboff\u00bb circle_border_color=\u00bb#7EBEC5&#8243; icon_placement=\u00bbtop\u00bb animation=\u00bbtop\u00bb background_layout=\u00bblight\u00bb text_orientation=\u00bbcenter\u00bb use_icon_font_size=\u00bboff\u00bb use_border_color=\u00bboff\u00bb border_color=\u00bb#ffffff\u00bb border_style=\u00bbsolid\u00bb]<\/p>\n<p>Sistemas de evaluaci\u00f3n integrados: ejercicios para autoevaluaci\u00f3n del alumno\/a, autocorrecci\u00f3n de pruebas, alertas al tutor\/a para el control de correcciones de las actividades pr\u00e1cticas.<\/p>\n<p>[\/et_pb_blurb][\/et_pb_column][\/et_pb_row][et_pb_row admin_label=\u00bbFila\u00bb][et_pb_column type=\u00bb1_3&#8243;][et_pb_blurb admin_label=\u00bbAnuncio\u00bb title=\u00bbInformes\u00bb url_new_window=\u00bboff\u00bb use_icon=\u00bbon\u00bb font_icon=\u00bb%%290%%\u00bb icon_color=\u00bb#7EBEC5&#8243; use_circle=\u00bboff\u00bb circle_color=\u00bb#7EBEC5&#8243; use_circle_border=\u00bboff\u00bb circle_border_color=\u00bb#7EBEC5&#8243; icon_placement=\u00bbtop\u00bb animation=\u00bbtop\u00bb background_layout=\u00bblight\u00bb text_orientation=\u00bbcenter\u00bb use_icon_font_size=\u00bboff\u00bb use_border_color=\u00bboff\u00bb border_color=\u00bb#ffffff\u00bb border_style=\u00bbsolid\u00bb]<\/p>\n<p>Generaci\u00f3n de informes de avances, que permiten guiar al alumno\/a y analizar los resultados para asegurar el \u00e9xito de su proceso formativo.<\/p>\n<p>[\/et_pb_blurb][\/et_pb_column][et_pb_column type=\u00bb1_3&#8243;][et_pb_blurb admin_label=\u00bbAnuncio\u00bb title=\u00bbComunicaci\u00f3n y colaboraci\u00f3n\u00bb url_new_window=\u00bboff\u00bb use_icon=\u00bbon\u00bb font_icon=\u00bb%%365%%\u00bb icon_color=\u00bb#7EBEC5&#8243; use_circle=\u00bboff\u00bb circle_color=\u00bb#7EBEC5&#8243; use_circle_border=\u00bboff\u00bb circle_border_color=\u00bb#7EBEC5&#8243; icon_placement=\u00bbtop\u00bb animation=\u00bbtop\u00bb background_layout=\u00bblight\u00bb text_orientation=\u00bbcenter\u00bb use_icon_font_size=\u00bboff\u00bb use_border_color=\u00bboff\u00bb border_color=\u00bb#ffffff\u00bb border_style=\u00bbsolid\u00bb]<\/p>\n<p>Gesti\u00f3n de los servicios de comunicaci\u00f3n (foros, chats, mensajer\u00eda interna) que posibilitan la conversaci\u00f3n en l\u00ednea, la atenci\u00f3n personalizada, la rapidez en las comunicaciones, y la colaboraci\u00f3n entre los usuarios.<\/p>\n<p>[\/et_pb_blurb][\/et_pb_column][et_pb_column type=\u00bb1_3&#8243;][et_pb_blurb admin_label=\u00bbAnuncio\u00bb title=\u00bbSeguimiento del proceso de aprendizaje\u00bb url_new_window=\u00bboff\u00bb use_icon=\u00bbon\u00bb font_icon=\u00bb%%147%%\u00bb icon_color=\u00bb#7EBEC5&#8243; use_circle=\u00bboff\u00bb circle_color=\u00bb#7EBEC5&#8243; use_circle_border=\u00bboff\u00bb circle_border_color=\u00bb#7EBEC5&#8243; icon_placement=\u00bbtop\u00bb animation=\u00bbtop\u00bb background_layout=\u00bblight\u00bb text_orientation=\u00bbcenter\u00bb use_icon_font_size=\u00bboff\u00bb use_border_color=\u00bboff\u00bb border_color=\u00bb#ffffff\u00bb border_style=\u00bbsolid\u00bb]<\/p>\n<p>Administraci\u00f3n del acceso y control de los progresos formativos del alumno\/a, a trav\u00e9s de las herramientas de seguimiento implantadas en consonancia con los requisitos normativos de Formaci\u00f3n Programada.<\/p>\n<p>[\/et_pb_blurb][\/et_pb_column][\/et_pb_row][et_pb_row admin_label=\u00bbFila\u00bb][et_pb_column type=\u00bb4_4&#8243;][et_pb_cta admin_label=\u00bbLlamada a la acci\u00f3n\u00bb title=\u00bbUna herramienta a medida dise\u00f1ada para ti y para el \u00e9xito de tus resultados\u00bb url_new_window=\u00bboff\u00bb use_background_color=\u00bbon\u00bb background_color=\u00bb#7EBEC5&#8243; background_layout=\u00bbdark\u00bb text_orientation=\u00bbcenter\u00bb use_border_color=\u00bboff\u00bb border_color=\u00bb#ffffff\u00bb border_style=\u00bbsolid\u00bb custom_button=\u00bboff\u00bb button_letter_spacing=\u00bb0&#8243; button_use_icon=\u00bbdefault\u00bb button_icon_placement=\u00bbright\u00bb button_on_hover=\u00bbon\u00bb button_letter_spacing_hover=\u00bb0&#8243;]<\/p>\n<p>[\/et_pb_cta][et_pb_divider admin_label=\u00bbSeparador\u00bb color=\u00bb#ff6600&#8243; show_divider=\u00bbon\u00bb divider_style=\u00bbdotted\u00bb divider_position=\u00bbcenter\u00bb hide_on_mobile=\u00bbon\u00bb custom_css_main_element=\u00bbpadding-bottom:35px;\u00bb module_id=\u00bbcaracteristicas\u00bb]<\/p>\n<p>[\/et_pb_divider][\/et_pb_column][\/et_pb_row][et_pb_row admin_label=\u00bbFila\u00bb][et_pb_column type=\u00bb4_4&#8243;][et_pb_text admin_label=\u00bbTexto\u00bb background_layout=\u00bblight\u00bb text_orientation=\u00bbleft\u00bb use_border_color=\u00bboff\u00bb border_color=\u00bb#ffffff\u00bb border_style=\u00bbsolid\u00bb]<\/p>\n<h1><span style=\"color: #ff6600;\">Caracter\u00edsticas<\/span><\/h1>\n<p>[\/et_pb_text][\/et_pb_column][\/et_pb_row][et_pb_row admin_label=\u00bbFila\u00bb][et_pb_column type=\u00bb2_3&#8243;][et_pb_text admin_label=\u00bbTexto\u00bb background_layout=\u00bblight\u00bb text_orientation=\u00bbleft\u00bb use_border_color=\u00bboff\u00bb border_color=\u00bb#ffffff\u00bb border_style=\u00bbsolid\u00bb]<\/p>\n<h3>Campus 24&#215;7<\/h3>\n<p>Eliminamos todas las limitaciones de horarios, con una plataforma a disposici\u00f3n del alumno\/a 24 horas al d\u00eda, todos los d\u00edas del a\u00f1o. Flexibilidad horaria del 100% con las necesidades del trabajador\/a.<\/p>\n<h3>Responsive<\/h3>\n<p>Acceso al aprendizaje desde cualquier dispositivo (ordenador, tablet m\u00f3vil), con un dise\u00f1o totalmente adaptado que garantiza la correcta visualizaci\u00f3n sea cual sea el tama\u00f1o de la pantalla.<\/p>\n<h3>Compatibilidad total, cero problemas<\/h3>\n<p>&#8211; Compatibilidad con sistemas operativos: Windows, IOS, Android, Linux.<br \/>\n&#8211; Compatibilidad con navegadores: Mozilla, Chrome, Safari, Microsoft Edge, Opera.<br \/>\n&#8211; Compatibilidad con el est\u00e1ndar SCORM.<\/p>\n<p>[\/et_pb_text][\/et_pb_column][et_pb_column type=\u00bb1_3&#8243;][et_pb_image admin_label=\u00bbImagen\u00bb src=\u00bbhttp:\/\/up-elearning.com\/wp-content\/uploads\/2017\/02\/portatil.png\u00bb show_in_lightbox=\u00bboff\u00bb url_new_window=\u00bboff\u00bb use_overlay=\u00bboff\u00bb animation=\u00bbleft\u00bb sticky=\u00bboff\u00bb align=\u00bbleft\u00bb force_fullwidth=\u00bboff\u00bb always_center_on_mobile=\u00bbon\u00bb use_border_color=\u00bboff\u00bb border_color=\u00bb#ffffff\u00bb border_style=\u00bbsolid\u00bb]<\/p>\n<p>[\/et_pb_image][\/et_pb_column][\/et_pb_row][et_pb_row admin_label=\u00bbFila\u00bb][et_pb_column type=\u00bb1_3&#8243;][et_pb_image admin_label=\u00bbImagen\u00bb src=\u00bbhttp:\/\/up-elearning.com\/wp-content\/uploads\/2017\/02\/tablet.jpg\u00bb show_in_lightbox=\u00bboff\u00bb url_new_window=\u00bboff\u00bb use_overlay=\u00bboff\u00bb animation=\u00bbright\u00bb sticky=\u00bboff\u00bb align=\u00bbleft\u00bb force_fullwidth=\u00bboff\u00bb always_center_on_mobile=\u00bbon\u00bb use_border_color=\u00bboff\u00bb border_color=\u00bb#ffffff\u00bb border_style=\u00bbsolid\u00bb]<\/p>\n<p>[\/et_pb_image][\/et_pb_column][et_pb_column type=\u00bb2_3&#8243;][et_pb_text admin_label=\u00bbTexto\u00bb background_layout=\u00bblight\u00bb text_orientation=\u00bbleft\u00bb use_border_color=\u00bboff\u00bb border_color=\u00bb#ffffff\u00bb border_style=\u00bbsolid\u00bb]<\/p>\n<h3>Contenidos digitales<\/h3>\n<p>Soporte a multitud de formatos digitales de informaci\u00f3n: Word, PDF, PowerPoint, Flash, v\u00eddeos, audios, etc.<\/p>\n<h3>Personalizaci\u00f3n<\/h3>\n<p>Difer\u00e9nciate: un campus con tu imagen corporativa y tu propia URL de acceso. Porque tu empresa es \u00fanica.<\/p>\n<h3>Cat\u00e1logo de cursos vers\u00e1til<\/h3>\n<p>Oferta de cursos en constante actualizaci\u00f3n y adaptaci\u00f3n a la normativa y requisitos formativos de calidad. Creamos un proceso de ense\u00f1anza \u2013 aprendizaje interactivo, did\u00e1ctico y constructivo.<\/p>\n<h3>Acceso simult\u00e1neo<\/h3>\n<p>Garantizamos un ancho de banda de la plataforma que se mantiene estable y uniforme durante el curso, permitiendo el acceso simult\u00e1neo a todos los usuarios matriculados.<\/p>\n<p>[\/et_pb_text][\/et_pb_column][\/et_pb_row][et_pb_row admin_label=\u00bbFila\u00bb][et_pb_column type=\u00bb2_3&#8243;][et_pb_text admin_label=\u00bbTexto\u00bb background_layout=\u00bblight\u00bb text_orientation=\u00bbleft\u00bb use_border_color=\u00bboff\u00bb border_color=\u00bb#ffffff\u00bb border_style=\u00bbsolid\u00bb]<\/p>\n<h3>N\u00famero ilimitado de matriculaciones<\/h3>\n<p>\u00bfImaginas no tener preocupaciones por ofrecer un buen servicio a tus alumnos\/as sean el n\u00famero que sean? No imagines\u2026 hazlo realidad.<\/p>\n<h3>Mayor nivel de seguridad<\/h3>\n<p>&#8211; Identificaci\u00f3n y acceso por nombre de usuario y password.<br \/>\n&#8211; Servicio de recuperaci\u00f3n autom\u00e1tica de contrase\u00f1as de acceso.<br \/>\n&#8211; Servidor con Certificado SSL para conexiones por HTTPS.<\/p>\n<h3>Manual de uso del Campus<\/h3>\n<p>Paso a paso, para alumnos y docentes. Aprovecha al m\u00e1ximo el campus y sin dudas.<\/p>\n<h3>Servicio de Notificaciones<\/h3>\n<p>&#8211; El tutor\/a recibir\u00e1 en email cada vez que un alumno\/a: postee en un foro, le escriba por mensajer\u00eda interna o entregue una actividad de aprendizaje.<br \/>\n&#8211; Las entidades organizadoras podr\u00e1n recibir una notificaci\u00f3n cada vez que un inspector acceda a un grupo formativo, especific\u00e1ndose la fecha y grupo inspeccionado.<\/p>\n<p>[\/et_pb_text][\/et_pb_column][et_pb_column type=\u00bb1_3&#8243;][et_pb_image admin_label=\u00bbImagen\u00bb src=\u00bbhttp:\/\/up-elearning.com\/wp-content\/uploads\/2017\/02\/security.jpg\u00bb show_in_lightbox=\u00bboff\u00bb url_new_window=\u00bboff\u00bb use_overlay=\u00bboff\u00bb animation=\u00bbleft\u00bb sticky=\u00bboff\u00bb align=\u00bbleft\u00bb force_fullwidth=\u00bboff\u00bb always_center_on_mobile=\u00bbon\u00bb use_border_color=\u00bboff\u00bb border_color=\u00bb#ffffff\u00bb border_style=\u00bbsolid\u00bb]<\/p>\n<p>[\/et_pb_image][\/et_pb_column][\/et_pb_row][et_pb_row admin_label=\u00bbFila\u00bb][et_pb_column type=\u00bb1_3&#8243;][et_pb_image admin_label=\u00bbImagen\u00bb src=\u00bbhttp:\/\/up-elearning.com\/wp-content\/uploads\/2017\/02\/learning.jpg\u00bb show_in_lightbox=\u00bboff\u00bb url_new_window=\u00bboff\u00bb use_overlay=\u00bboff\u00bb animation=\u00bbright\u00bb sticky=\u00bboff\u00bb align=\u00bbleft\u00bb force_fullwidth=\u00bboff\u00bb always_center_on_mobile=\u00bbon\u00bb use_border_color=\u00bboff\u00bb border_color=\u00bb#ffffff\u00bb border_style=\u00bbsolid\u00bb]<\/p>\n<p>[\/et_pb_image][\/et_pb_column][et_pb_column type=\u00bb2_3&#8243;][et_pb_text admin_label=\u00bbTexto\u00bb background_layout=\u00bblight\u00bb text_orientation=\u00bbleft\u00bb use_border_color=\u00bboff\u00bb border_color=\u00bb#ffffff\u00bb border_style=\u00bbsolid\u00bb]<\/p>\n<h3>Soporte t\u00e9cnico<\/h3>\n<p>Olv\u00eddate de las incidencias inform\u00e1ticas, nosotros nos ocupamos:<\/p>\n<p>&#8211; Asesoramiento y resoluciones.<br \/>\n&#8211; Mantenimiento de servidores.<br \/>\n&#8211; Copias de seguridad.<br \/>\n&#8211; Monitorizaci\u00f3n.<\/p>\n<h3>Administraci\u00f3n de los participantes<\/h3>\n<p>Altas, bajas, modificaciones\u2026 \u00a1T\u00fa eliges c\u00f3mo!<\/p>\n<p>&#8211; Mediante cargas masivas.<br \/>\n&#8211; Manualmente, 1to1.<\/p>\n<h3>Creaci\u00f3n de perfiles<\/h3>\n<p>Alumnos, tutores e inspectores: definici\u00f3n de permisos.<\/p>\n<p>[\/et_pb_text][\/et_pb_column][\/et_pb_row][et_pb_row admin_label=\u00bbFila\u00bb make_fullwidth=\u00bboff\u00bb use_custom_width=\u00bboff\u00bb width_unit=\u00bbon\u00bb use_custom_gutter=\u00bboff\u00bb padding_mobile=\u00bboff\u00bb allow_player_pause=\u00bboff\u00bb parallax=\u00bboff\u00bb parallax_method=\u00bboff\u00bb make_equal=\u00bboff\u00bb parallax_1=\u00bboff\u00bb parallax_method_1=\u00bboff\u00bb column_padding_mobile=\u00bbon\u00bb][et_pb_column type=\u00bb4_4&#8243;][et_pb_divider admin_label=\u00bbSeparador\u00bb color=\u00bb#ff6600&#8243; show_divider=\u00bbon\u00bb divider_style=\u00bbdotted\u00bb divider_position=\u00bbcenter\u00bb hide_on_mobile=\u00bbon\u00bb custom_css_main_element=\u00bbpadding-bottom:35px;\u00bb module_id=\u00bbpersonalizacion\u00bb]<\/p>\n<p>[\/et_pb_divider][et_pb_image admin_label=\u00bbImagen\u00bb src=\u00bbhttp:\/\/up-elearning.com\/wp-content\/uploads\/2017\/02\/hazloTU.jpg\u00bb show_in_lightbox=\u00bboff\u00bb url_new_window=\u00bboff\u00bb use_overlay=\u00bboff\u00bb animation=\u00bbleft\u00bb sticky=\u00bboff\u00bb align=\u00bbleft\u00bb force_fullwidth=\u00bboff\u00bb always_center_on_mobile=\u00bbon\u00bb use_border_color=\u00bboff\u00bb border_color=\u00bb#ffffff\u00bb border_style=\u00bbsolid\u00bb]<\/p>\n<p>[\/et_pb_image][et_pb_divider admin_label=\u00bbSeparador\u00bb color=\u00bb#ff6600&#8243; show_divider=\u00bbon\u00bb divider_style=\u00bbdotted\u00bb divider_position=\u00bbcenter\u00bb hide_on_mobile=\u00bbon\u00bb custom_css_main_element=\u00bbpadding-bottom:35px;\u00bb module_id=\u00bbventajas\u00bb]<\/p>\n<p>[\/et_pb_divider][\/et_pb_column][\/et_pb_row][et_pb_row admin_label=\u00bbFila\u00bb make_fullwidth=\u00bboff\u00bb use_custom_width=\u00bboff\u00bb width_unit=\u00bbon\u00bb use_custom_gutter=\u00bboff\u00bb padding_mobile=\u00bboff\u00bb allow_player_pause=\u00bboff\u00bb parallax=\u00bboff\u00bb parallax_method=\u00bboff\u00bb make_equal=\u00bboff\u00bb parallax_1=\u00bboff\u00bb parallax_method_1=\u00bboff\u00bb column_padding_mobile=\u00bbon\u00bb][et_pb_column type=\u00bb4_4&#8243;][et_pb_text admin_label=\u00bbVentaja para todos\u00bb background_layout=\u00bblight\u00bb text_orientation=\u00bbleft\u00bb use_border_color=\u00bboff\u00bb border_color=\u00bb#ffffff\u00bb border_style=\u00bbsolid\u00bb]<\/p>\n<h1 id=\"ventaja\"><span style=\"color: #ff6600;\">Ventaja para todos<\/span><\/h1>\n<p>Accede al mundo de ventajas que nuestro Campus ofrece para los diferentes perfiles de usuarios.<\/p>\n<p>[\/et_pb_text][\/et_pb_column][\/et_pb_row][et_pb_row admin_label=\u00bbFila\u00bb][et_pb_column type=\u00bb1_3&#8243;][et_pb_blurb admin_label=\u00bbFormadores\u00bb title=\u00bbFormadores\u00bb url_new_window=\u00bboff\u00bb use_icon=\u00bbon\u00bb font_icon=\u00bb%%254%%\u00bb icon_color=\u00bb#ffffff\u00bb use_circle=\u00bbon\u00bb circle_color=\u00bb#7EBEC5&#8243; use_circle_border=\u00bboff\u00bb circle_border_color=\u00bb#7EBEC5&#8243; icon_placement=\u00bbtop\u00bb animation=\u00bbtop\u00bb background_layout=\u00bblight\u00bb text_orientation=\u00bbcenter\u00bb use_icon_font_size=\u00bboff\u00bb use_border_color=\u00bboff\u00bb border_color=\u00bb#ffffff\u00bb border_style=\u00bbsolid\u00bb]<\/p>\n<p>* Acceso directo a informes de seguimiento de los avances en el proceso de ense\u00f1anza \u2013 aprendizaje.<br \/>\n* Espacio en la nube: repositorio de archivos para almacenar documentaci\u00f3n formativa de apoyo.<br \/>\n* Podr\u00e1 dise\u00f1ar, crear y subir nuevas acciones formativas, as\u00ed como tareas y ex\u00e1menes.<br \/>\n* Herramientas de trabajo online con el alumno\/a: asincr\u00f3nicas y sincr\u00f3nicas. Ya sea individualmente o en grupo.<br \/>\n* Panel de calendario: para la organizaci\u00f3n de las intervenciones del tutor\/a y alumno\/a. Agenda eficazmente las dinamizaciones y programa la acci\u00f3n formativa.<\/p>\n<p>[\/et_pb_blurb][\/et_pb_column][et_pb_column type=\u00bb1_3&#8243;][et_pb_blurb admin_label=\u00bbAlumnos\u00bb title=\u00bbAlumnos\u00bb url_new_window=\u00bboff\u00bb use_icon=\u00bbon\u00bb font_icon=\u00bb%%149%%\u00bb icon_color=\u00bb#ffffff\u00bb use_circle=\u00bbon\u00bb circle_color=\u00bb#7EBEC5&#8243; use_circle_border=\u00bboff\u00bb circle_border_color=\u00bb#7EBEC5&#8243; icon_placement=\u00bbtop\u00bb animation=\u00bbtop\u00bb background_layout=\u00bblight\u00bb text_orientation=\u00bbcenter\u00bb use_icon_font_size=\u00bboff\u00bb use_border_color=\u00bboff\u00bb border_color=\u00bb#ffffff\u00bb border_style=\u00bbsolid\u00bb]<\/p>\n<p>* Acceso a la acci\u00f3n formativa a trav\u00e9s de contenido interactivo, que facilita y dinamiza el aprendizaje.<br \/>\n* Participaci\u00f3n en acciones colaborativas: foros y chats.<br \/>\n* Mensajer\u00eda interna: contacta y consulta cu\u00e1ndo quieras a tu tutor. Un canal directo de comunicaci\u00f3n para resolver tus dudas.<br \/>\n* Subida de tareas de los alumnos al servidor: la manera m\u00e1s r\u00e1pida y sencilla de entrega de actividades que garantiza la recepci\u00f3n y feedback del tutor\/a.<br \/>\n* Campus intuitivo: perfecta navegaci\u00f3n para un nivel inform\u00e1tico de usuario.<\/p>\n<p>[\/et_pb_blurb][\/et_pb_column][et_pb_column type=\u00bb1_3&#8243;][et_pb_blurb admin_label=\u00bbInspectores\u00bb title=\u00bbInspectores\u00bb url_new_window=\u00bboff\u00bb use_icon=\u00bbon\u00bb font_icon=\u00bb%%149%%\u00bb icon_color=\u00bb#ffffff\u00bb use_circle=\u00bbon\u00bb circle_color=\u00bb#7EBEC5&#8243; use_circle_border=\u00bboff\u00bb circle_border_color=\u00bb#7EBEC5&#8243; icon_placement=\u00bbtop\u00bb animation=\u00bbtop\u00bb background_layout=\u00bblight\u00bb text_orientation=\u00bbcenter\u00bb use_icon_font_size=\u00bboff\u00bb use_border_color=\u00bboff\u00bb border_color=\u00bb#ffffff\u00bb border_style=\u00bbsolid\u00bb]<\/p>\n<p>Perfil Inspector: un acceso directo a Informes detallados que incluyen:<br \/>\n* Llamadas realizadas.<br \/>\n* SMS enviados.<br \/>\n* N\u00ba de mensajes intercambiados en Chats, Foros y Mensajer\u00eda interna.<br \/>\n* Ex\u00e1menes realizados por el alumno\/a y calificaciones obtenidas.<br \/>\n* Acreditaci\u00f3n de las competencias profesionales y\/o acad\u00e9micas del tutor\/a.<\/p>\n<p>[\/et_pb_blurb][\/et_pb_column][\/et_pb_row][et_pb_row admin_label=\u00bbFila\u00bb][et_pb_column type=\u00bb4_4&#8243;][et_pb_cta admin_label=\u00bbLlamada a la acci\u00f3n\u00bb title=\u00bb%22En un mundo en constante movimiento, el que se queda en el mismo lugar retrocede.%22 (Lewis Carroll)\u00bb url_new_window=\u00bboff\u00bb use_background_color=\u00bbon\u00bb background_color=\u00bb#7EBEC5&#8243; background_layout=\u00bbdark\u00bb text_orientation=\u00bbleft\u00bb use_border_color=\u00bboff\u00bb border_color=\u00bb#ffffff\u00bb border_style=\u00bbsolid\u00bb custom_button=\u00bboff\u00bb button_letter_spacing=\u00bb0&#8243; button_use_icon=\u00bbdefault\u00bb button_icon_placement=\u00bbright\u00bb button_on_hover=\u00bbon\u00bb button_letter_spacing_hover=\u00bb0&#8243;]<\/p>\n<p>[\/et_pb_cta][\/et_pb_column][\/et_pb_row][\/et_pb_section]<\/p>\n","protected":false},"excerpt":{"rendered":"<p>Up &#8211; Campus Nuestro distintivo UP-Campus Garantizamos el servicio, adem\u00e1s de la realizaci\u00f3n de las adaptaciones necesarias para que la plataforma cumpla con los requisitos espec\u00edficos que necesites. De usuarios, perfiles, recursos, contenidos y actividades. Todo lo que requiere la acci\u00f3n formativa. La mejor forma de organizar los eventos: foros, chats, etc. Con este servicio [&hellip;]<\/p>\n","protected":false},"author":1,"featured_media":0,"parent":0,"menu_order":0,"comment_status":"closed","ping_status":"closed","template":"","meta":{"_et_pb_use_builder":"on","_et_pb_old_content":"","_et_gb_content_width":"","footnotes":""},"class_list":["post-108","page","type-page","status-publish","hentry"],"jetpack_sharing_enabled":true,"_links":{"self":[{"href":"https:\/\/up-elearning.com\/index.php\/wp-json\/wp\/v2\/pages\/108"}],"collection":[{"href":"https:\/\/up-elearning.com\/index.php\/wp-json\/wp\/v2\/pages"}],"about":[{"href":"https:\/\/up-elearning.com\/index.php\/wp-json\/wp\/v2\/types\/page"}],"author":[{"embeddable":true,"href":"https:\/\/up-elearning.com\/index.php\/wp-json\/wp\/v2\/users\/1"}],"replies":[{"embeddable":true,"href":"https:\/\/up-elearning.com\/index.php\/wp-json\/wp\/v2\/comments?post=108"}],"version-history":[{"count":41,"href":"https:\/\/up-elearning.com\/index.php\/wp-json\/wp\/v2\/pages\/108\/revisions"}],"predecessor-version":[{"id":323,"href":"https:\/\/up-elearning.com\/index.php\/wp-json\/wp\/v2\/pages\/108\/revisions\/323"}],"wp:attachment":[{"href":"https:\/\/up-elearning.com\/index.php\/wp-json\/wp\/v2\/media?parent=108"}],"curies":[{"name":"wp","href":"https:\/\/api.w.org\/{rel}","templated":true}]}}